{"id":1862,"date":"2019-11-28T10:36:04","date_gmt":"2019-11-28T09:36:04","guid":{"rendered":"https:\/\/test.skate-night-biel.ch\/regles-de-conduite\/"},"modified":"2019-12-05T23:04:50","modified_gmt":"2019-12-05T22:04:50","slug":"regles-de-conduite","status":"publish","type":"page","link":"https:\/\/test.skate-night-biel.ch\/fr\/regles-de-conduite\/","title":{"rendered":"R\u00e8gles de conduite"},"content":{"rendered":"\t\t<div data-elementor-type=\"wp-page\" data-elementor-id=\"1862\" class=\"elementor elementor-1862 elementor-10\" data-elementor-post-type=\"page\">\n\t\t\t\t\t\t<section class=\"elementor-section elementor-top-section elementor-element elementor-element-25fb6ff8 elementor-section-boxed elementor-section-height-default elementor-section-height-default\" data-id=\"25fb6ff8\" data-element_type=\"section\" data-e-type=\"section\">\n\t\t\t\t\t\t<div class=\"elementor-container elementor-column-gap-default\">\n\t\t\t\t\t<div class=\"elementor-column elementor-col-100 elementor-top-column elementor-element elementor-element-5dcda80f\" data-id=\"5dcda80f\" data-element_type=\"column\" data-e-type=\"column\">\n\t\t\t<div class=\"elementor-widget-wrap elementor-element-populated\">\n\t\t\t\t\t\t<div class=\"elementor-element elementor-element-194c07c elementor-widget elementor-widget-heading\" data-id=\"194c07c\" data-element_type=\"widget\" data-e-type=\"widget\" data-widget_type=\"heading.default\">\n\t\t\t\t<div class=\"elementor-widget-container\">\n\t\t\t\t\t<h1 class=\"elementor-heading-title elementor-size-default\">R\u00e8gles de conduite<\/h1>\t\t\t\t<\/div>\n\t\t\t\t<\/div>\n\t\t\t\t<div class=\"elementor-element elementor-element-2c73ad6e elementor-widget elementor-widget-text-editor\" data-id=\"2c73ad6e\" data-element_type=\"widget\" data-e-type=\"widget\" data-widget_type=\"text-editor.default\">\n\t\t\t\t<div class=\"elementor-widget-container\">\n\t\t\t\t\t\t\t\t\t<h2>Instruction de l\u2019organisateur<\/h2>\n<p>Tous les Skater suivent imp\u00e9rativement les instructions des organisateurs de la\u00a0 SkateNight Biel-Bienne .<\/p>\n<p>La participation est a ses propre risques et p\u00e9rils. Pour le d\u00e9butant d\u2019Inline, la manifestation n\u2019est pas adapt\u00e9e.<\/p>\n<h2><strong>Nos r\u00e8gles de conduite<\/strong><\/h2>\n<h3><strong>Skate Night l&rsquo;\u00e9quipe \/ l&rsquo;organisateur<\/strong><\/h3>\n<p>Notre \u00e9quipe se compose d\u2019aides volontaires qui s&rsquo;occupent de votre s\u00e9curit\u00e9. Afin d\u2019\u00e9viter d\u2019\u00e9ventuels accidents, \u00e9coutez leurs instructions. Au cas o\u00f9 il y aurait un manque d\u2019instructeurs, nous nous r\u00e9serverons le droit d\u2019annuler la manifestation.<\/p>\n<h3><strong>D\u00e9butant<\/strong><\/h3>\n<p>Le Skate Night n&rsquo;est pas adapt\u00e9e pour les \u00ab\u00a0Skaters\u00a0\u00bb inexp\u00e9riment\u00e9s.<\/p>\n<p>Une conduite s\u00fbre, un bon freinage, une bonne condition physique sont les points importants pour participer \u00e0 cette manifestation.<\/p>\n<h3><strong>Visibilit\u00e9<\/strong><\/h3>\n<p>La visibilit\u00e9 est tr\u00e8s importante, car la \u00ab\u00a0Skate-Night\u00a0\u00bb se passe de nuit. Ainsi, il est absolument n\u00e9cessaire de porter les habits bien visibles. Vous devriez \u00eatre \u00e9quip\u00e9s d&rsquo;un feu continu ou optique. Une lampe de poche est aussi recommand\u00e9e pour les sections non \u00e9clair\u00e9es.<\/p>\n<h3><strong>Lieux de dangers<\/strong><\/h3>\n<p>Nous annon\u00e7ons des lieux de dangers comme par exemple, des d\u00e9g\u00e2ts dans la rue, refuges, ils sont annonc\u00e9s par un e signe de la main ou des drapeaux. Si les \u00ab\u00a0Skaters\u00a0\u00bb tendent les deux mains vers le haut, cela indique un lieu de danger ou un arr\u00eat. L&rsquo;attention est particuli\u00e8rement t exig\u00e9e.<\/p>\n<h3><strong>Downhill<\/strong><\/h3>\n<p>Downhill c\u2019est la classe, nous vous recommandons de freiner.<\/p>\n<p>Vous pouvez vous adresser aussi en tout temps aux organisateurs.<\/p>\n<h3><strong>D\u00e9passer<\/strong><\/h3>\n<p>D\u00e9passez s&rsquo;il vous pla\u00eet, seulement \u00e0 gauche. Au changement de trace, le regard d&rsquo;\u00e9paule est absolument n\u00e9cessaire.<\/p>\n<h3><strong>Zick Zack et slalom<\/strong><\/h3>\n<p>Zick Zack et slalom peuvent entra\u00eener des chutes.<\/p>\n<h3><strong>Dans la rue<\/strong><\/h3>\n<p>S&rsquo;il vous pla\u00eet, roulez \u00e0 droite.<\/p>\n<h3><strong>Sur le trottoir<\/strong><\/h3>\n<p>Ne pas utiliser les trottoirs. Ceux qui d\u00e9sirent\u00a0 quitter la manifestation emprunteront le trottoir en respectant les pi\u00e9tons.<\/p>\n<h3><strong>Accidents<\/strong><\/h3>\n<p>A la fin du groupe de\u00a0\u00bb skater \u00bb, une ambulance nous accompagne<\/p>\n<p>Les t\u00e9moins d&rsquo;accidents sont pri\u00e9s de rester sur le lieu de l\u2019accident..<\/p>\n<h3><strong>Equipement de protection<\/strong><\/h3>\n<p>Une protection des genoux, coudes ,poignets ainsi que le casque r\u00e9duisent consid\u00e9rablement le risque de blessure.<\/p>\n\t\t\t\t\t\t\t\t<\/div>\n\t\t\t\t<\/div>\n\t\t\t\t\t<\/div>\n\t\t<\/div>\n\t\t\t\t\t<\/div>\n\t\t<\/section>\n\t\t\t\t<section class=\"elementor-section elementor-top-section elementor-element elementor-element-d4af92c elementor-section-boxed elementor-section-height-default elementor-section-height-default\" data-id=\"d4af92c\" data-element_type=\"section\" data-e-type=\"section\">\n\t\t\t\t\t\t<div class=\"elementor-container elementor-column-gap-default\">\n\t\t\t\t\t<div class=\"elementor-column elementor-col-100 elementor-top-column elementor-element elementor-element-dc8b4be\" data-id=\"dc8b4be\" data-element_type=\"column\" data-e-type=\"column\">\n\t\t\t<div class=\"elementor-widget-wrap elementor-element-populated\">\n\t\t\t\t\t\t<div class=\"elementor-element elementor-element-779bc18 elementor-widget elementor-widget-template\" data-id=\"779bc18\" data-element_type=\"widget\" data-e-type=\"widget\" data-widget_type=\"template.default\">\n\t\t\t\t<div class=\"elementor-widget-container\">\n\t\t\t\t\t\t\t<div class=\"elementor-template\">\n\t\t\t\t\t<div data-elementor-type=\"section\" data-elementor-id=\"1950\" class=\"elementor elementor-1950 elementor-1651 elementor-1651\" data-elementor-post-type=\"elementor_library\">\n\t\t\t\t\t<section class=\"elementor-section elementor-top-section elementor-element elementor-element-fe42365 elementor-section-boxed elementor-section-height-default elementor-section-height-default\" data-id=\"fe42365\" data-element_type=\"section\" data-e-type=\"section\">\n\t\t\t\t\t\t<div class=\"elementor-container elementor-column-gap-default\">\n\t\t\t\t\t<div class=\"elementor-column elementor-col-100 elementor-top-column elementor-element elementor-element-d7f2924\" data-id=\"d7f2924\" data-element_type=\"column\" data-e-type=\"column\">\n\t\t\t<div class=\"elementor-widget-wrap elementor-element-populated\">\n\t\t\t\t\t\t<div class=\"elementor-element elementor-element-e77ad0a elementor-widget elementor-widget-heading\" data-id=\"e77ad0a\" data-element_type=\"widget\" data-e-type=\"widget\" data-widget_type=\"heading.default\">\n\t\t\t\t<div class=\"elementor-widget-container\">\n\t\t\t\t\t<h2 class=\"elementor-heading-title elementor-size-default\">Nous remercions nos commanditaires<\/h2>\t\t\t\t<\/div>\n\t\t\t\t<\/div>\n\t\t\t\t<div class=\"elementor-element elementor-element-f9719cf elementor-skin-carousel elementor-arrows-yes elementor-pagination-type-bullets elementor-pagination-position-outside elementor-widget elementor-widget-media-carousel\" data-id=\"f9719cf\" data-element_type=\"widget\" data-e-type=\"widget\" data-settings=\"{&quot;space_between&quot;:{&quot;unit&quot;:&quot;px&quot;,&quot;size&quot;:2,&quot;sizes&quot;:[]},&quot;skin&quot;:&quot;carousel&quot;,&quot;effect&quot;:&quot;slide&quot;,&quot;show_arrows&quot;:&quot;yes&quot;,&quot;pagination&quot;:&quot;bullets&quot;,&quot;speed&quot;:500,&quot;autoplay&quot;:&quot;yes&quot;,&quot;autoplay_speed&quot;:5000,&quot;loop&quot;:&quot;yes&quot;,&quot;pause_on_hover&quot;:&quot;yes&quot;,&quot;pause_on_interaction&quot;:&quot;yes&quot;,&quot;space_between_tablet&quot;:{&quot;unit&quot;:&quot;px&quot;,&quot;size&quot;:10,&quot;sizes&quot;:[]},&quot;space_between_mobile&quot;:{&quot;unit&quot;:&quot;px&quot;,&quot;size&quot;:10,&quot;sizes&quot;:[]}}\" data-widget_type=\"media-carousel.default\">\n\t\t\t\t<div class=\"elementor-widget-container\">\n\t\t\t\t\t\t\t\t\t<div class=\"elementor-swiper\">\n\t\t\t\t\t<div class=\"elementor-main-swiper swiper\" role=\"region\" aria-roledescription=\"carousel\" aria-label=\"Diapositives\">\n\t\t\t\t<div class=\"swiper-wrapper\">\n\t\t\t\t\t\t\t\t\t\t\t<div class=\"swiper-slide\" role=\"group\" aria-roledescription=\"slide\">\n\t\t\t\t\t\t\t<a href=\"http:\/\/www.hotwheelsbiel.ch\/\" target=\"_blank\">\t\t<div class=\"elementor-carousel-image\" role=\"img\" aria-label=\"logo-hotwheels\" style=\"background-image: url(&#039;https:\/\/test.skate-night-biel.ch\/wp-content\/uploads\/elementor\/thumbs\/logo-hotwheels-okdwhw70vwzubl35erre5rgfp0whflk2mx5fya5xus.png&#039;)\">\n\n\t\t\t\n\t\t\t\t\t<\/div>\n\t\t<\/a>\t\t\t\t\t\t<\/div>\n\t\t\t\t\t\t\t\t\t\t\t<div class=\"swiper-slide\" role=\"group\" aria-roledescription=\"slide\">\n\t\t\t\t\t\t\t<a href=\"http:\/\/rothimmo.ch\/\" target=\"_blank\">\t\t<div class=\"elementor-carousel-image\" role=\"img\" aria-label=\"Logo Neu Roth Immo\" style=\"background-image: url(&#039;https:\/\/test.skate-night-biel.ch\/wp-content\/uploads\/elementor\/thumbs\/Logo-Neu-Roth-Immo-okdwhw70vwzubl35erre5rgfp0whflk2mx5fya5xz8.jpeg&#039;)\">\n\n\t\t\t\n\t\t\t\t\t<\/div>\n\t\t<\/a>\t\t\t\t\t\t<\/div>\n\t\t\t\t\t\t\t\t\t\t\t<div class=\"swiper-slide\" role=\"group\" aria-roledescription=\"slide\">\n\t\t\t\t\t\t\t<a href=\"http:\/\/www.chezruefi.ch\/\" target=\"_blank\">\t\t<div class=\"elementor-carousel-image\" role=\"img\" aria-label=\"CR_12_depuis1895_blk\" style=\"background-image: url(&#039;https:\/\/test.skate-night-biel.ch\/wp-content\/uploads\/elementor\/thumbs\/CR_12_depuis1895_blk-e1401440606998-okdwhw70vwzubl35erre5rgfp0whflk2mx5fya5xh6.jpg&#039;)\">\n\n\t\t\t\n\t\t\t\t\t<\/div>\n\t\t<\/a>\t\t\t\t\t\t<\/div>\n\t\t\t\t\t\t\t\t\t\t\t<div class=\"swiper-slide\" role=\"group\" aria-roledescription=\"slide\">\n\t\t\t\t\t\t\t<a href=\"http:\/\/meichtry.ch\/\" target=\"_blank\">\t\t<div class=\"elementor-carousel-image\" role=\"img\" aria-label=\"MTR_Logo_RGB\" style=\"background-image: url(&#039;https:\/\/test.skate-night-biel.ch\/wp-content\/uploads\/elementor\/thumbs\/MTR_Logo_RGB-e1401440061778-okdwhw70vwzubl35erre5rgfp0whflk2mx5fya5xda.jpg&#039;)\">\n\n\t\t\t\n\t\t\t\t\t<\/div>\n\t\t<\/a>\t\t\t\t\t\t<\/div>\n\t\t\t\t\t\t\t\t\t\t\t<div class=\"swiper-slide\" role=\"group\" aria-roledescription=\"slide\">\n\t\t\t\t\t\t\t<a href=\"http:\/\/www.colorama.ch\/\" target=\"_blank\">\t\t<div class=\"elementor-carousel-image\" role=\"img\" aria-label=\"banner.indd\" style=\"background-image: url(&#039;https:\/\/test.skate-night-biel.ch\/wp-content\/uploads\/elementor\/thumbs\/Colorama_Logo_2010-okdwhw70vwzubl35erre5rgfp0whflk2mx5fya5x4o.jpg&#039;)\">\n\n\t\t\t\n\t\t\t\t\t<\/div>\n\t\t<\/a>\t\t\t\t\t\t<\/div>\n\t\t\t\t\t\t\t\t\t\t\t<div class=\"swiper-slide\" role=\"group\" aria-roledescription=\"slide\">\n\t\t\t\t\t\t\t<a href=\"http:\/\/krone-liestal.ch\/\" target=\"_blank\">\t\t<div class=\"elementor-carousel-image\" role=\"img\" aria-label=\"Krone Liestal\" style=\"background-image: url(&#039;https:\/\/test.skate-night-biel.ch\/wp-content\/uploads\/elementor\/thumbs\/Krone-Liestal-e1401440076259-okdwhw70vwzubl35erre5rgfp0whflk2mx5fya5xmg.jpg&#039;)\">\n\n\t\t\t\n\t\t\t\t\t<\/div>\n\t\t<\/a>\t\t\t\t\t\t<\/div>\n\t\t\t\t\t\t\t\t\t\t\t<div class=\"swiper-slide\" role=\"group\" aria-roledescription=\"slide\">\n\t\t\t\t\t\t\t<a href=\"http:\/\/mobi.ch\/de\/die-mobiliar\/ueber-uns\/biel.html\">\t\t<div class=\"elementor-carousel-image\" role=\"img\" aria-label=\"Logo GA Biel\" style=\"background-image: url(&#039;https:\/\/test.skate-night-biel.ch\/wp-content\/uploads\/elementor\/thumbs\/Logo-GA-Biel-okdwhw70vwzubl35erre5rgfp0whflk2mx5fya5xsu.jpg&#039;)\">\n\n\t\t\t\n\t\t\t\t\t<\/div>\n\t\t<\/a>\t\t\t\t\t\t<\/div>\n\t\t\t\t\t\t\t\t\t\t\t<div class=\"swiper-slide\" role=\"group\" aria-roledescription=\"slide\">\n\t\t\t\t\t\t\t<a href=\"http:\/\/www.leiserpublishing.com\/\" target=\"_blank\">\t\t<div class=\"elementor-carousel-image\" role=\"img\" aria-label=\"Logo_RGB\" style=\"background-image: url(&#039;https:\/\/test.skate-night-biel.ch\/wp-content\/uploads\/elementor\/thumbs\/Logo_RGB-okdwhw70vwzubl35erre5rgfp0whflk2mx5fya5wya.png&#039;)\">\n\n\t\t\t\n\t\t\t\t\t<\/div>\n\t\t<\/a>\t\t\t\t\t\t<\/div>\n\t\t\t\t\t\t\t\t\t\t\t<div class=\"swiper-slide\" role=\"group\" aria-roledescription=\"slide\">\n\t\t\t\t\t\t\t<a href=\"https:\/\/www.reinhardag.ch\/\" target=\"_blank\">\t\t<div class=\"elementor-carousel-image\" role=\"img\" aria-label=\"Logo R+P AG 1\" style=\"background-image: url(&#039;https:\/\/test.skate-night-biel.ch\/wp-content\/uploads\/elementor\/thumbs\/Logo-RP-AG-1-okdwhw70vwzubl35erre5rgfp0whflk2mx5fya5x3k.jpg&#039;)\">\n\n\t\t\t\n\t\t\t\t\t<\/div>\n\t\t<\/a>\t\t\t\t\t\t<\/div>\n\t\t\t\t\t\t\t\t\t<\/div>\n\t\t\t\t\t\t\t\t\t\t\t\t\t\t\t<div class=\"elementor-swiper-button elementor-swiper-button-prev\" role=\"button\" tabindex=\"0\" aria-label=\"Pr\u00e9c\u00e9dent\">\n\t\t\t\t\t\t\t<i aria-hidden=\"true\" class=\"eicon-chevron-left\"><\/i>\t\t\t\t\t\t<\/div>\n\t\t\t\t\t\t<div class=\"elementor-swiper-button elementor-swiper-button-next\" role=\"button\" tabindex=\"0\" aria-label=\"Suivant\">\n\t\t\t\t\t\t\t<i aria-hidden=\"true\" class=\"eicon-chevron-right\"><\/i>\t\t\t\t\t\t<\/div>\n\t\t\t\t\t\t\t\t\t\t\t\t\t\t\t\t<div class=\"swiper-pagination\"><\/div>\n\t\t\t\t\t\t\t\t\t\t\t\t<\/div>\n\t\t\t\t<\/div>\n\t\t\t\t\t\t\t\t<\/div>\n\t\t\t\t<\/div>\n\t\t\t\t<div class=\"elementor-element elementor-element-a5a3edf elementor-skin-carousel elementor-arrows-yes elementor-pagination-type-bullets elementor-pagination-position-outside elementor-widget elementor-widget-media-carousel\" data-id=\"a5a3edf\" data-element_type=\"widget\" data-e-type=\"widget\" data-settings=\"{&quot;space_between&quot;:{&quot;unit&quot;:&quot;px&quot;,&quot;size&quot;:2,&quot;sizes&quot;:[]},&quot;skin&quot;:&quot;carousel&quot;,&quot;effect&quot;:&quot;slide&quot;,&quot;show_arrows&quot;:&quot;yes&quot;,&quot;pagination&quot;:&quot;bullets&quot;,&quot;speed&quot;:500,&quot;autoplay&quot;:&quot;yes&quot;,&quot;autoplay_speed&quot;:5000,&quot;loop&quot;:&quot;yes&quot;,&quot;pause_on_hover&quot;:&quot;yes&quot;,&quot;pause_on_interaction&quot;:&quot;yes&quot;,&quot;space_between_tablet&quot;:{&quot;unit&quot;:&quot;px&quot;,&quot;size&quot;:10,&quot;sizes&quot;:[]},&quot;space_between_mobile&quot;:{&quot;unit&quot;:&quot;px&quot;,&quot;size&quot;:10,&quot;sizes&quot;:[]}}\" data-widget_type=\"media-carousel.default\">\n\t\t\t\t<div class=\"elementor-widget-container\">\n\t\t\t\t\t\t\t\t\t<div class=\"elementor-swiper\">\n\t\t\t\t\t<div class=\"elementor-main-swiper swiper\" role=\"region\" aria-roledescription=\"carousel\" aria-label=\"Diapositives\">\n\t\t\t\t<div class=\"swiper-wrapper\">\n\t\t\t\t\t\t\t\t\t\t\t<div class=\"swiper-slide\" role=\"group\" aria-roledescription=\"slide\">\n\t\t\t\t\t\t\t<a href=\"http:\/\/stadelmannag.ch\/\" target=\"_blank\">\t\t<div class=\"elementor-carousel-image\" role=\"img\" aria-label=\"\" style=\"background-image: url(&#039;https:\/\/test.skate-night-biel.ch\/wp-content\/uploads\/2018\/04\/StadelmannMalerei-Kopie-300x22.jpg&#039;)\">\n\n\t\t\t\n\t\t\t\t\t<\/div>\n\t\t<\/a>\t\t\t\t\t\t<\/div>\n\t\t\t\t\t\t\t\t\t\t\t<div class=\"swiper-slide\" role=\"group\" aria-roledescription=\"slide\">\n\t\t\t\t\t\t\t<a href=\"http:\/\/www.motionline.ch\/\" target=\"_blank\">\t\t<div class=\"elementor-carousel-image\" role=\"img\" aria-label=\"MotionLine\" style=\"background-image: url(&#039;https:\/\/test.skate-night-biel.ch\/wp-content\/uploads\/2019\/03\/MotionLine_Positiv_Horizontal_Druck_CMYK-300x48.jpg&#039;)\">\n\n\t\t\t\n\t\t\t\t\t<\/div>\n\t\t<\/a>\t\t\t\t\t\t<\/div>\n\t\t\t\t\t\t\t\t\t\t\t<div class=\"swiper-slide\" role=\"group\" aria-roledescription=\"slide\">\n\t\t\t\t\t\t\t<a href=\"https:\/\/www.aventuregourmande.ch\/\" target=\"_blank\">\t\t<div class=\"elementor-carousel-image\" role=\"img\" aria-label=\"Aventure Gourmande\" style=\"background-image: url(&#039;https:\/\/test.skate-night-biel.ch\/wp-content\/uploads\/2019\/03\/Frederic-1-300x63.png&#039;)\">\n\n\t\t\t\n\t\t\t\t\t<\/div>\n\t\t<\/a>\t\t\t\t\t\t<\/div>\n\t\t\t\t\t\t\t\t\t\t\t<div class=\"swiper-slide\" role=\"group\" aria-roledescription=\"slide\">\n\t\t\t\t\t\t\t<a href=\"http:\/\/www.vomfass.ch\/biel\" target=\"_blank\">\t\t<div class=\"elementor-carousel-image\" role=\"img\" aria-label=\"vom Fass\" style=\"background-image: url(&#039;https:\/\/test.skate-night-biel.ch\/wp-content\/uploads\/2019\/03\/vom-Fass.png&#039;)\">\n\n\t\t\t\n\t\t\t\t\t<\/div>\n\t\t<\/a>\t\t\t\t\t\t<\/div>\n\t\t\t\t\t\t\t\t\t\t\t<div class=\"swiper-slide\" role=\"group\" aria-roledescription=\"slide\">\n\t\t\t\t\t\t\t<a href=\"http:\/\/www.heinigersport.ch\/\" target=\"_blank\">\t\t<div class=\"elementor-carousel-image\" role=\"img\" aria-label=\"Heiniger Logo\" style=\"background-image: url(&#039;https:\/\/test.skate-night-biel.ch\/wp-content\/uploads\/2019\/03\/Heiniger-Logo-2-300x96.png&#039;)\">\n\n\t\t\t\n\t\t\t\t\t<\/div>\n\t\t<\/a>\t\t\t\t\t\t<\/div>\n\t\t\t\t\t\t\t\t\t\t\t<div class=\"swiper-slide\" role=\"group\" aria-roledescription=\"slide\">\n\t\t\t\t\t\t\t<a href=\"http:\/\/www.canal3.ch\/\" target=\"_blank\">\t\t<div class=\"elementor-carousel-image\" role=\"img\" aria-label=\"Canal 3\" style=\"background-image: url(&#039;https:\/\/test.skate-night-biel.ch\/wp-content\/uploads\/2015\/05\/canal3_POS-300x114.jpg&#039;)\">\n\n\t\t\t\n\t\t\t\t\t<\/div>\n\t\t<\/a>\t\t\t\t\t\t<\/div>\n\t\t\t\t\t\t\t\t\t\t\t<div class=\"swiper-slide\" role=\"group\" aria-roledescription=\"slide\">\n\t\t\t\t\t\t\t<a href=\"http:\/\/driving-school-richard.ch\/\" target=\"_blank\">\t\t<div class=\"elementor-carousel-image\" role=\"img\" aria-label=\"Driving School Richard\" style=\"background-image: url(&#039;https:\/\/test.skate-night-biel.ch\/wp-content\/uploads\/2015\/05\/Logo_jpg-2012-300x76.jpg&#039;)\">\n\n\t\t\t\n\t\t\t\t\t<\/div>\n\t\t<\/a>\t\t\t\t\t\t<\/div>\n\t\t\t\t\t\t\t\t\t\t\t<div class=\"swiper-slide\" role=\"group\" aria-roledescription=\"slide\">\n\t\t\t\t\t\t\t<a href=\"http:\/\/www.hulligerdruck.ch\/\" target=\"_blank\">\t\t<div class=\"elementor-carousel-image\" role=\"img\" aria-label=\"Hulliger Druck + Kopie\" style=\"background-image: url(&#039;https:\/\/test.skate-night-biel.ch\/wp-content\/uploads\/2017\/04\/logo_hulliger_11_4f.gif&#039;)\">\n\n\t\t\t\n\t\t\t\t\t<\/div>\n\t\t<\/a>\t\t\t\t\t\t<\/div>\n\t\t\t\t\t\t\t\t\t<\/div>\n\t\t\t\t\t\t\t\t\t\t\t\t\t\t\t<div class=\"elementor-swiper-button elementor-swiper-button-prev\" role=\"button\" tabindex=\"0\" aria-label=\"Pr\u00e9c\u00e9dent\">\n\t\t\t\t\t\t\t<i aria-hidden=\"true\" class=\"eicon-chevron-left\"><\/i>\t\t\t\t\t\t<\/div>\n\t\t\t\t\t\t<div class=\"elementor-swiper-button elementor-swiper-button-next\" role=\"button\" tabindex=\"0\" aria-label=\"Suivant\">\n\t\t\t\t\t\t\t<i aria-hidden=\"true\" class=\"eicon-chevron-right\"><\/i>\t\t\t\t\t\t<\/div>\n\t\t\t\t\t\t\t\t\t\t\t\t\t\t\t\t<div class=\"swiper-pagination\"><\/div>\n\t\t\t\t\t\t\t\t\t\t\t\t<\/div>\n\t\t\t\t<\/div>\n\t\t\t\t\t\t\t\t<\/div>\n\t\t\t\t<\/div>\n\t\t\t\t\t<\/div>\n\t\t<\/div>\n\t\t\t\t\t<\/div>\n\t\t<\/section>\n\t\t\t\t<\/div>\n\t\t\t\t<\/div>\n\t\t\t\t\t\t<\/div>\n\t\t\t\t<\/div>\n\t\t\t\t\t<\/div>\n\t\t<\/div>\n\t\t\t\t\t<\/div>\n\t\t<\/section>\n\t\t\t\t<\/div>\n\t\t","protected":false},"excerpt":{"rendered":"<p>R\u00e8gles de conduite Instruction de l\u2019organisateur Tous les Skater suivent imp\u00e9rativement les instructions des organisateurs de la\u00a0 SkateNight Biel-Bienne . La participation est a ses propre risques et p\u00e9rils. Pour le d\u00e9butant d\u2019Inline, la manifestation n\u2019est pas adapt\u00e9e. Nos r\u00e8gles de conduite Skate Night l&rsquo;\u00e9quipe \/ l&rsquo;organisateur Notre \u00e9quipe se compose d\u2019aides volontaires qui s&rsquo;occupent [&hellip;]<\/p>\n","protected":false},"author":1,"featured_media":0,"parent":0,"menu_order":3,"comment_status":"closed","ping_status":"closed","template":"","meta":{"_acf_changed":false,"site-sidebar-layout":"default","site-content-layout":"","ast-site-content-layout":"default","site-content-style":"default","site-sidebar-style":"default","ast-global-header-display":"","ast-banner-title-visibility":"","ast-main-header-display":"","ast-hfb-above-header-display":"","ast-hfb-below-header-display":"","ast-hfb-mobile-header-display":"","site-post-title":"","ast-breadcrumbs-content":"","ast-featured-img":"","footer-sml-layout":"","ast-disable-related-posts":"","theme-transparent-header-meta":"","adv-header-id-meta":"","stick-header-meta":"","header-above-stick-meta":"","header-main-stick-meta":"","header-below-stick-meta":"","astra-migrate-meta-layouts":"default","ast-page-background-enabled":"default","ast-page-background-meta":{"desktop":{"background-color":"","background-image":"","background-repeat":"repeat","background-position":"center center","background-size":"auto","background-attachment":"scroll","background-type":"","background-media":"","overlay-type":"","overlay-color":"","overlay-opacity":"","overlay-gradient":""},"tablet":{"background-color":"","background-image":"","background-repeat":"repeat","background-position":"center center","background-size":"auto","background-attachment":"scroll","background-type":"","background-media":"","overlay-type":"","overlay-color":"","overlay-opacity":"","overlay-gradient":""},"mobile":{"background-color":"","background-image":"","background-repeat":"repeat","background-position":"center center","background-size":"auto","background-attachment":"scroll","background-type":"","background-media":"","overlay-type":"","overlay-color":"","overlay-opacity":"","overlay-gradient":""}},"ast-content-background-meta":{"desktop":{"background-color":"var(--ast-global-color-5)","background-image":"","background-repeat":"repeat","background-position":"center center","background-size":"auto","background-attachment":"scroll","background-type":"","background-media":"","overlay-type":"","overlay-color":"","overlay-opacity":"","overlay-gradient":""},"tablet":{"background-color":"var(--ast-global-color-5)","background-image":"","background-repeat":"repeat","background-position":"center center","background-size":"auto","background-attachment":"scroll","background-type":"","background-media":"","overlay-type":"","overlay-color":"","overlay-opacity":"","overlay-gradient":""},"mobile":{"background-color":"var(--ast-global-color-5)","background-image":"","background-repeat":"repeat","background-position":"center center","background-size":"auto","background-attachment":"scroll","background-type":"","background-media":"","overlay-type":"","overlay-color":"","overlay-opacity":"","overlay-gradient":""}},"footnotes":""},"class_list":["post-1862","page","type-page","status-publish","hentry"],"acf":[],"_links":{"self":[{"href":"https:\/\/test.skate-night-biel.ch\/fr\/wp-json\/wp\/v2\/pages\/1862","targetHints":{"allow":["GET"]}}],"collection":[{"href":"https:\/\/test.skate-night-biel.ch\/fr\/wp-json\/wp\/v2\/pages"}],"about":[{"href":"https:\/\/test.skate-night-biel.ch\/fr\/wp-json\/wp\/v2\/types\/page"}],"author":[{"embeddable":true,"href":"https:\/\/test.skate-night-biel.ch\/fr\/wp-json\/wp\/v2\/users\/1"}],"replies":[{"embeddable":true,"href":"https:\/\/test.skate-night-biel.ch\/fr\/wp-json\/wp\/v2\/comments?post=1862"}],"version-history":[{"count":3,"href":"https:\/\/test.skate-night-biel.ch\/fr\/wp-json\/wp\/v2\/pages\/1862\/revisions"}],"predecessor-version":[{"id":1988,"href":"https:\/\/test.skate-night-biel.ch\/fr\/wp-json\/wp\/v2\/pages\/1862\/revisions\/1988"}],"wp:attachment":[{"href":"https:\/\/test.skate-night-biel.ch\/fr\/wp-json\/wp\/v2\/media?parent=1862"}],"curies":[{"name":"wp","href":"https:\/\/api.w.org\/{rel}","templated":true}]}}